{"id":13,"date":"2020-08-25T12:05:47","date_gmt":"2020-08-25T12:05:47","guid":{"rendered":"https:\/\/shuttersmanufacturer.com\/contact\/"},"modified":"2021-12-18T02:48:06","modified_gmt":"2021-12-18T02:48:06","slug":"contact","status":"publish","type":"page","link":"https:\/\/shuttersmanufacturer.com\/pt\/contato\/","title":{"rendered":"Contato"},"content":{"rendered":"<div class=\"wp-block-cover alignfull has-background-dim-60 has-ast-global-color-2-background-color has-background-dim\" style=\"min-height:480px;aspect-ratio:unset;\"><img loading=\"lazy\" decoding=\"async\" width=\"1920\" height=\"1280\" class=\"wp-block-cover__image-background wp-image-1332\" alt=\"\" src=\"https:\/\/shuttersmanufacturer.com\/app\/uploads\/2020\/07\/contact-bg.jpg\" data-object-fit=\"cover\" srcset=\"https:\/\/shuttersmanufacturer.com\/app\/uploads\/2020\/07\/contact-bg.jpg 1920w, https:\/\/shuttersmanufacturer.com\/app\/uploads\/2020\/07\/contact-bg-300x200.jpg 300w, https:\/\/shuttersmanufacturer.com\/app\/uploads\/2020\/07\/contact-bg-1024x683.jpg 1024w, https:\/\/shuttersmanufacturer.com\/app\/uploads\/2020\/07\/contact-bg-768x512.jpg 768w, https:\/\/shuttersmanufacturer.com\/app\/uploads\/2020\/07\/contact-bg-1536x1024.jpg 1536w\" sizes=\"auto, (max-width: 1920px) 100vw, 1920px\" \/><div class=\"wp-block-cover__inner-container is-layout-flow wp-block-cover-is-layout-flow\">\n<h1 class=\"has-text-align-center has-white-color has-text-color wp-block-heading\">Contato<\/h1>\n<\/div><\/div>\n\n\n\n<div class=\"wp-block-group alignfull has-ast-global-color-5-background-color has-background is-layout-flow wp-block-group-is-layout-flow\"><div class=\"wp-block-group__inner-container\">\n<div class=\"wp-block-columns is-layout-flex wp-container-core-columns-is-layout-28f84493 wp-block-columns-is-layout-flex\">\n<div class=\"wp-block-column is-layout-flow wp-block-column-is-layout-flow\">\n<h2 class=\"wp-block-heading\">Como entrar em contato<br>\u00c9 f\u00e1cil!<\/h2>\n<\/div>\n\n\n\n<div class=\"wp-block-column is-layout-flow wp-block-column-is-layout-flow\">\n<p>Voc\u00ea pode explicar v\u00e1rios motivos pelos quais um visitante pode entrar em contato com voc\u00ea. Use esse espa\u00e7o para que eles saibam que voc\u00ea est\u00e1 aqui para responder a todas as d\u00favidas deles. Se houver outro lugar para entrar em contato com voc\u00ea, mencione-o tamb\u00e9m. Deixe-o atraente para que as pessoas possam entrar em contato com voc\u00ea facilmente.<\/p>\n\n\n\n<ul class=\"wp-block-social-links is-layout-flex wp-block-social-links-is-layout-flex\"><li class=\"wp-social-link wp-social-link-facebook  wp-block-social-link\"><a href=\"#\" class=\"wp-block-social-link-anchor\"><svg width=\"24\" height=\"24\" viewbox=\"0 0 24 24\" version=\"1.1\" xmlns=\"http:\/\/www.w3.org\/2000\/svg\" aria-hidden=\"true\" focusable=\"false\"><path d=\"M12 2C6.5 2 2 6.5 2 12c0 5 3.7 9.1 8.4 9.9v-7H7.9V12h2.5V9.8c0-2.5 1.5-3.9 3.8-3.9 1.1 0 2.2.2 2.2.2v2.5h-1.3c-1.2 0-1.6.8-1.6 1.6V12h2.8l-.4 2.9h-2.3v7C18.3 21.1 22 17 22 12c0-5.5-4.5-10-10-10z\"><\/path><\/svg><span class=\"wp-block-social-link-label screen-reader-text\">Facebook<\/span><\/a><\/li>\n\n<li class=\"wp-social-link wp-social-link-twitter  wp-block-social-link\"><a href=\"#\" class=\"wp-block-social-link-anchor\"><svg width=\"24\" height=\"24\" viewbox=\"0 0 24 24\" version=\"1.1\" xmlns=\"http:\/\/www.w3.org\/2000\/svg\" aria-hidden=\"true\" focusable=\"false\"><path d=\"M22.23,5.924c-0.736,0.326-1.527,0.547-2.357,0.646c0.847-0.508,1.498-1.312,1.804-2.27 c-0.793,0.47-1.671,0.812-2.606,0.996C18.324,4.498,17.257,4,16.077,4c-2.266,0-4.103,1.837-4.103,4.103 c0,0.322,0.036,0.635,0.106,0.935C8.67,8.867,5.647,7.234,3.623,4.751C3.27,5.357,3.067,6.062,3.067,6.814 c0,1.424,0.724,2.679,1.825,3.415c-0.673-0.021-1.305-0.206-1.859-0.513c0,0.017,0,0.034,0,0.052c0,1.988,1.414,3.647,3.292,4.023 c-0.344,0.094-0.707,0.144-1.081,0.144c-0.264,0-0.521-0.026-0.772-0.074c0.522,1.63,2.038,2.816,3.833,2.85 c-1.404,1.1-3.174,1.756-5.096,1.756c-0.331,0-0.658-0.019-0.979-0.057c1.816,1.164,3.973,1.843,6.29,1.843 c7.547,0,11.675-6.252,11.675-11.675c0-0.178-0.004-0.355-0.012-0.531C20.985,7.47,21.68,6.747,22.23,5.924z\"><\/path><\/svg><span class=\"wp-block-social-link-label screen-reader-text\">Twitter<\/span><\/a><\/li>\n\n<li class=\"wp-social-link wp-social-link-instagram  wp-block-social-link\"><a href=\"#\" class=\"wp-block-social-link-anchor\"><svg width=\"24\" height=\"24\" viewbox=\"0 0 24 24\" version=\"1.1\" xmlns=\"http:\/\/www.w3.org\/2000\/svg\" aria-hidden=\"true\" focusable=\"false\"><path d=\"M12,4.622c2.403,0,2.688,0.009,3.637,0.052c0.877,0.04,1.354,0.187,1.671,0.31c0.42,0.163,0.72,0.358,1.035,0.673 c0.315,0.315,0.51,0.615,0.673,1.035c0.123,0.317,0.27,0.794,0.31,1.671c0.043,0.949,0.052,1.234,0.052,3.637 s-0.009,2.688-0.052,3.637c-0.04,0.877-0.187,1.354-0.31,1.671c-0.163,0.42-0.358,0.72-0.673,1.035 c-0.315,0.315-0.615,0.51-1.035,0.673c-0.317,0.123-0.794,0.27-1.671,0.31c-0.949,0.043-1.233,0.052-3.637,0.052 s-2.688-0.009-3.637-0.052c-0.877-0.04-1.354-0.187-1.671-0.31c-0.42-0.163-0.72-0.358-1.035-0.673 c-0.315-0.315-0.51-0.615-0.673-1.035c-0.123-0.317-0.27-0.794-0.31-1.671C4.631,14.688,4.622,14.403,4.622,12 s0.009-2.688,0.052-3.637c0.04-0.877,0.187-1.354,0.31-1.671c0.163-0.42,0.358-0.72,0.673-1.035 c0.315-0.315,0.615-0.51,1.035-0.673c0.317-0.123,0.794-0.27,1.671-0.31C9.312,4.631,9.597,4.622,12,4.622 M12,3 C9.556,3,9.249,3.01,8.289,3.054C7.331,3.098,6.677,3.25,6.105,3.472C5.513,3.702,5.011,4.01,4.511,4.511 c-0.5,0.5-0.808,1.002-1.038,1.594C3.25,6.677,3.098,7.331,3.054,8.289C3.01,9.249,3,9.556,3,12c0,2.444,0.01,2.751,0.054,3.711 c0.044,0.958,0.196,1.612,0.418,2.185c0.23,0.592,0.538,1.094,1.038,1.594c0.5,0.5,1.002,0.808,1.594,1.038 c0.572,0.222,1.227,0.375,2.185,0.418C9.249,20.99,9.556,21,12,21s2.751-0.01,3.711-0.054c0.958-0.044,1.612-0.196,2.185-0.418 c0.592-0.23,1.094-0.538,1.594-1.038c0.5-0.5,0.808-1.002,1.038-1.594c0.222-0.572,0.375-1.227,0.418-2.185 C20.99,14.751,21,14.444,21,12s-0.01-2.751-0.054-3.711c-0.044-0.958-0.196-1.612-0.418-2.185c-0.23-0.592-0.538-1.094-1.038-1.594 c-0.5-0.5-1.002-0.808-1.594-1.038c-0.572-0.222-1.227-0.375-2.185-0.418C14.751,3.01,14.444,3,12,3L12,3z M12,7.378 c-2.552,0-4.622,2.069-4.622,4.622S9.448,16.622,12,16.622s4.622-2.069,4.622-4.622S14.552,7.378,12,7.378z M12,15 c-1.657,0-3-1.343-3-3s1.343-3,3-3s3,1.343,3,3S13.657,15,12,15z M16.804,6.116c-0.596,0-1.08,0.484-1.08,1.08 s0.484,1.08,1.08,1.08c0.596,0,1.08-0.484,1.08-1.08S17.401,6.116,16.804,6.116z\"><\/path><\/svg><span class=\"wp-block-social-link-label screen-reader-text\">Instagram<\/span><\/a><\/li><\/ul>\n<\/div>\n<\/div>\n<\/div><\/div>\n\n\n\n<div class=\"wp-block-group alignfull has-ast-global-color-5-background-color has-background is-layout-flow wp-block-group-is-layout-flow\"><div class=\"wp-block-group__inner-container\">\n<hr class=\"wp-block-separator has-text-color has-background has-ast-global-color-1-background-color has-ast-global-color-1-color is-style-wide\" \/>\n\n\n\n<div class=\"wp-block-columns is-layout-flex wp-container-core-columns-is-layout-28f84493 wp-block-columns-is-layout-flex\">\n<div class=\"wp-block-column is-vertically-aligned-center is-layout-flow wp-block-column-is-layout-flow\" style=\"flex-basis:40%\">\n<h3 class=\"wp-block-heading\">Detalhes de contato<\/h3>\n\n\n\n<div class=\"wp-block-columns are-vertically-aligned-top is-layout-flex wp-container-core-columns-is-layout-28f84493 wp-block-columns-is-layout-flex\">\n<div class=\"wp-block-column is-vertically-aligned-top is-layout-flow wp-block-column-is-layout-flow\">\n<div class=\"wp-block-uagb-info-box uagb-infobox__outer-wrap uagb-block-53b39ba8\"><div class=\"uagb-infobox__content-wrap uagb-infobox uagb-infobox-has-icon uagb-infobox-icon-left uagb-infobox-left uagb-infobox-stacked-tablet uagb-infobox-image-valign-top uagb-infobox-enable-border-radius\"><div class=\"uagb-ifb-left-right-wrap\"><div class=\"uagb-ifb-image-icon-content uagb-ifb-imgicon-wrap\"><div class=\"uagb-ifb-icon-wrap\"><span class=\"uagb-ifb-icon\"><svg xmlns=\"https:\/\/www.w3.org\/2000\/svg\" viewbox=\"0 0 512 512\"><path d=\"M502.3 190.8c3.9-3.1 9.7-.2 9.7 4.7V400c0 26.5-21.5 48-48 48H48c-26.5 0-48-21.5-48-48V195.6c0-5 5.7-7.8 9.7-4.7 22.4 17.4 52.1 39.5 154.1 113.6 21.1 15.4 56.7 47.8 92.2 47.6 35.7.3 72-32.8 92.3-47.6 102-74.1 131.6-96.3 154-113.7zM256 320c23.2.4 56.6-29.2 73.4-41.4 132.7-96.3 142.8-104.7 173.4-128.7 5.8-4.5 9.2-11.5 9.2-18.9v-19c0-26.5-21.5-48-48-48H48C21.5 64 0 85.5 0 112v19c0 7.4 3.4 14.3 9.2 18.9 30.6 23.9 40.7 32.4 173.4 128.7 16.8 12.2 50.2 41.8 73.4 41.4z\"><\/path><\/svg><\/span><\/div><\/div><div class=\"uagb-ifb-content\"><div class=\"uagb-ifb-title-wrap\"><h5 class=\"uagb-ifb-title\">Envie-nos um e-mail <\/h5><\/div><div class=\"uagb-ifb-text-wrap\"><p class=\"uagb-ifb-desc\">sales@shuttersmanufacturer.com<br>info@shuttersmanufacturer.com <\/p><\/div><\/div><\/div><\/div><\/div>\n\n\n\n<div class=\"wp-block-uagb-info-box uagb-infobox__outer-wrap uagb-block-9ef32dd2\"><div class=\"uagb-infobox__content-wrap uagb-infobox uagb-infobox-has-icon uagb-infobox-icon-left uagb-infobox-left uagb-infobox-stacked-tablet uagb-infobox-image-valign-top uagb-infobox-enable-border-radius\"><div class=\"uagb-ifb-left-right-wrap\"><div class=\"uagb-ifb-image-icon-content uagb-ifb-imgicon-wrap\"><div class=\"uagb-ifb-icon-wrap\"><span class=\"uagb-ifb-icon\"><svg xmlns=\"https:\/\/www.w3.org\/2000\/svg\" viewbox=\"0 0 384 512\"><path d=\"M172.268 501.67C26.97 291.031 0 269.413 0 192 0 85.961 85.961 0 192 0s192 85.961 192 192c0 77.413-26.97 99.031-172.268 309.67-9.535 13.774-29.93 13.773-39.464 0zM192 272c44.183 0 80-35.817 80-80s-35.817-80-80-80-80 35.817-80 80 35.817 80 80 80z\"><\/path><\/svg><\/span><\/div><\/div><div class=\"uagb-ifb-content\"><div class=\"uagb-ifb-title-wrap\"><h5 class=\"uagb-ifb-title\">Endere\u00e7o <\/h5><\/div><div class=\"uagb-ifb-text-wrap\"><p class=\"uagb-ifb-desc\">sales@shuttersmanufacturer.com<br>info@shuttersmanufacturer.com <\/p><\/div><\/div><\/div><\/div><\/div>\n\n\n\n<div class=\"wp-block-uagb-info-box uagb-infobox__outer-wrap uagb-block-740e66d1\"><div class=\"uagb-infobox__content-wrap uagb-infobox uagb-infobox-has-icon uagb-infobox-icon-left uagb-infobox-left uagb-infobox-stacked-tablet uagb-infobox-image-valign-top uagb-infobox-enable-border-radius\"><div class=\"uagb-ifb-left-right-wrap\"><div class=\"uagb-ifb-image-icon-content uagb-ifb-imgicon-wrap\"><div class=\"uagb-ifb-icon-wrap\"><span class=\"uagb-ifb-icon\"><svg xmlns=\"https:\/\/www.w3.org\/2000\/svg\" viewbox=\"0 0 512 512\"><path d=\"M497.39 361.8l-112-48a24 24 0 0 0-28 6.9l-49.6 60.6A370.66 370.66 0 0 1 130.6 204.11l60.6-49.6a23.94 23.94 0 0 0 6.9-28l-48-112A24.16 24.16 0 0 0 122.6.61l-104 24A24 24 0 0 0 0 48c0 256.5 207.9 464 464 464a24 24 0 0 0 23.4-18.6l24-104a24.29 24.29 0 0 0-14.01-27.6z\"><\/path><\/svg><\/span><\/div><\/div><div class=\"uagb-ifb-content\"><div class=\"uagb-ifb-title-wrap\"><h5 class=\"uagb-ifb-title\">Entre em contato conosco  <\/h5><\/div><div class=\"uagb-ifb-text-wrap\"><p class=\"uagb-ifb-desc\"> +91-987-645-0123<br>+91-987-645-0135 <\/p><\/div><\/div><\/div><\/div><\/div>\n<\/div>\n<\/div>\n<\/div>\n\n\n\n<div class=\"wp-block-column is-layout-flow wp-block-column-is-layout-flow\" style=\"flex-basis:60%\">\n<h3 class=\"wp-block-heading\">Envie-nos uma mensagem<\/h3>\n\n\n<\/div>\n<\/div>\n\n\n\n<div class=\"wp-block-group alignfull is-layout-flow wp-block-group-is-layout-flow\"><div class=\"wp-block-group__inner-container\">\n\n<\/div><\/div>\n<\/div><\/div>","protected":false},"excerpt":{"rendered":"<p>Getting in TouchIs Easy! You can explain various reasons why a visitor could contact you. Use this space to let them know that you are here to answer all their queries. If there is any other place to contact you, you can mention that too. Let us make it attractive so that people can easily [&hellip;]<\/p>","protected":false},"author":1,"featured_media":0,"parent":0,"menu_order":0,"comment_status":"closed","ping_status":"closed","template":"","meta":{"_uag_custom_page_level_css":"","site-sidebar-layout":"no-sidebar","site-content-layout":"plain-container","ast-site-content-layout":"default","site-content-style":"default","site-sidebar-style":"default","ast-global-header-display":"","ast-banner-title-visibility":"","ast-main-header-display":"","ast-hfb-above-header-display":"","ast-hfb-below-header-display":"","ast-hfb-mobile-header-display":"","site-post-title":"disabled","ast-breadcrumbs-content":"","ast-featured-img":"disabled","footer-sml-layout":"","theme-transparent-header-meta":"enabled","adv-header-id-meta":"","stick-header-meta":"","header-above-stick-meta":"","header-main-stick-meta":"","header-below-stick-meta":"","astra-migrate-meta-layouts":"default","ast-page-background-enabled":"default","ast-page-background-meta":{"desktop":{"background-color":"","background-image":"","background-repeat":"repeat","background-position":"center center","background-size":"auto","background-attachment":"scroll","background-type":"","background-media":"","overlay-type":"","overlay-color":"","overlay-opacity":"","overlay-gradient":""},"tablet":{"background-color":"","background-image":"","background-repeat":"repeat","background-position":"center center","background-size":"auto","background-attachment":"scroll","background-type":"","background-media":"","overlay-type":"","overlay-color":"","overlay-opacity":"","overlay-gradient":""},"mobile":{"background-color":"","background-image":"","background-repeat":"repeat","background-position":"center center","background-size":"auto","background-attachment":"scroll","background-type":"","background-media":"","overlay-type":"","overlay-color":"","overlay-opacity":"","overlay-gradient":""}},"ast-content-background-meta":{"desktop":{"background-color":"var(--ast-global-color-5)","background-image":"","background-repeat":"repeat","background-position":"center center","background-size":"auto","background-attachment":"scroll","background-type":"","background-media":"","overlay-type":"","overlay-color":"","overlay-opacity":"","overlay-gradient":""},"tablet":{"background-color":"var(--ast-global-color-5)","background-image":"","background-repeat":"repeat","background-position":"center center","background-size":"auto","background-attachment":"scroll","background-type":"","background-media":"","overlay-type":"","overlay-color":"","overlay-opacity":"","overlay-gradient":""},"mobile":{"background-color":"var(--ast-global-color-5)","background-image":"","background-repeat":"repeat","background-position":"center center","background-size":"auto","background-attachment":"scroll","background-type":"","background-media":"","overlay-type":"","overlay-color":"","overlay-opacity":"","overlay-gradient":""}},"footnotes":""},"class_list":["post-13","page","type-page","status-publish","hentry"],"yoast_head":"<!-- This site is optimized with the Yoast SEO plugin v27.1.1 - https:\/\/yoast.com\/product\/yoast-seo-wordpress\/ -->\n<title>Contact - Shutters Manufacturer<\/title>\n<meta name=\"robots\" content=\"index, follow, max-snippet:-1, max-image-preview:large, max-video-preview:-1\" \/>\n<link rel=\"canonical\" href=\"https:\/\/shuttersmanufacturer.com\/pt\/contato\/\" \/>\n<meta property=\"og:locale\" content=\"pt_BR\" \/>\n<meta property=\"og:type\" content=\"article\" \/>\n<meta property=\"og:title\" content=\"Contact - Shutters Manufacturer\" \/>\n<meta property=\"og:description\" content=\"Getting in TouchIs Easy! You can explain various reasons why a visitor could contact you. Use this space to let them know that you are here to answer all their queries. If there is any other place to contact you, you can mention that too. Let us make it attractive so that people can easily [&hellip;]\" \/>\n<meta property=\"og:url\" content=\"https:\/\/shuttersmanufacturer.com\/pt\/contato\/\" \/>\n<meta property=\"og:site_name\" content=\"Shutters Manufacturer\" \/>\n<meta property=\"article:modified_time\" content=\"2021-12-18T02:48:06+00:00\" \/>\n<meta property=\"og:image\" content=\"https:\/\/shuttersmanufacturer.com\/app\/uploads\/2020\/07\/contact-bg.jpg\" \/>\n<meta name=\"twitter:card\" content=\"summary_large_image\" \/>\n<meta name=\"twitter:label1\" content=\"Est. tempo de leitura\" \/>\n\t<meta name=\"twitter:data1\" content=\"1 minuto\" \/>\n<script type=\"application\/ld+json\" class=\"yoast-schema-graph\">{\"@context\":\"https:\/\/schema.org\",\"@graph\":[{\"@type\":\"WebPage\",\"@id\":\"https:\/\/shuttersmanufacturer.com\/contact\/\",\"url\":\"https:\/\/shuttersmanufacturer.com\/contact\/\",\"name\":\"Contact - Shutters Manufacturer\",\"isPartOf\":{\"@id\":\"https:\/\/shuttersmanufacturer.com\/#website\"},\"primaryImageOfPage\":{\"@id\":\"https:\/\/shuttersmanufacturer.com\/contact\/#primaryimage\"},\"image\":{\"@id\":\"https:\/\/shuttersmanufacturer.com\/contact\/#primaryimage\"},\"thumbnailUrl\":\"https:\/\/shuttersmanufacturer.com\/app\/uploads\/2020\/07\/contact-bg.jpg\",\"datePublished\":\"2020-08-25T12:05:47+00:00\",\"dateModified\":\"2021-12-18T02:48:06+00:00\",\"breadcrumb\":{\"@id\":\"https:\/\/shuttersmanufacturer.com\/contact\/#breadcrumb\"},\"inLanguage\":\"pt-BR\",\"potentialAction\":[{\"@type\":\"ReadAction\",\"target\":[\"https:\/\/shuttersmanufacturer.com\/contact\/\"]}]},{\"@type\":\"ImageObject\",\"inLanguage\":\"pt-BR\",\"@id\":\"https:\/\/shuttersmanufacturer.com\/contact\/#primaryimage\",\"url\":\"https:\/\/shuttersmanufacturer.com\/app\/uploads\/2020\/07\/contact-bg.jpg\",\"contentUrl\":\"https:\/\/shuttersmanufacturer.com\/app\/uploads\/2020\/07\/contact-bg.jpg\"},{\"@type\":\"BreadcrumbList\",\"@id\":\"https:\/\/shuttersmanufacturer.com\/contact\/#breadcrumb\",\"itemListElement\":[{\"@type\":\"ListItem\",\"position\":1,\"name\":\"Home\",\"item\":\"https:\/\/shuttersmanufacturer.com\/\"},{\"@type\":\"ListItem\",\"position\":2,\"name\":\"Contact\"}]},{\"@type\":\"WebSite\",\"@id\":\"https:\/\/shuttersmanufacturer.com\/#website\",\"url\":\"https:\/\/shuttersmanufacturer.com\/\",\"name\":\"Shutters Manufacturer\",\"description\":\"\",\"publisher\":{\"@id\":\"https:\/\/shuttersmanufacturer.com\/#organization\"},\"potentialAction\":[{\"@type\":\"SearchAction\",\"target\":{\"@type\":\"EntryPoint\",\"urlTemplate\":\"https:\/\/shuttersmanufacturer.com\/?s={search_term_string}\"},\"query-input\":{\"@type\":\"PropertyValueSpecification\",\"valueRequired\":true,\"valueName\":\"search_term_string\"}}],\"inLanguage\":\"pt-BR\"},{\"@type\":\"Organization\",\"@id\":\"https:\/\/shuttersmanufacturer.com\/#organization\",\"name\":\"Shutters Manufacturer\",\"url\":\"https:\/\/shuttersmanufacturer.com\/\",\"logo\":{\"@type\":\"ImageObject\",\"inLanguage\":\"pt-BR\",\"@id\":\"https:\/\/shuttersmanufacturer.com\/#\/schema\/logo\/image\/\",\"url\":\"https:\/\/shuttersmanufacturer.com\/app\/uploads\/2022\/09\/thutters-manufacturer-logo.webp\",\"contentUrl\":\"https:\/\/shuttersmanufacturer.com\/app\/uploads\/2022\/09\/thutters-manufacturer-logo.webp\",\"width\":622,\"height\":228,\"caption\":\"Shutters Manufacturer\"},\"image\":{\"@id\":\"https:\/\/shuttersmanufacturer.com\/#\/schema\/logo\/image\/\"}}]}<\/script>\n<!-- \/ Yoast SEO plugin. -->","yoast_head_json":{"title":"Contact - Shutters Manufacturer","robots":{"index":"index","follow":"follow","max-snippet":"max-snippet:-1","max-image-preview":"max-image-preview:large","max-video-preview":"max-video-preview:-1"},"canonical":"https:\/\/shuttersmanufacturer.com\/pt\/contato\/","og_locale":"pt_BR","og_type":"article","og_title":"Contact - Shutters Manufacturer","og_description":"Getting in TouchIs Easy! You can explain various reasons why a visitor could contact you. Use this space to let them know that you are here to answer all their queries. If there is any other place to contact you, you can mention that too. Let us make it attractive so that people can easily [&hellip;]","og_url":"https:\/\/shuttersmanufacturer.com\/pt\/contato\/","og_site_name":"Shutters Manufacturer","article_modified_time":"2021-12-18T02:48:06+00:00","og_image":[{"url":"https:\/\/shuttersmanufacturer.com\/app\/uploads\/2020\/07\/contact-bg.jpg","type":"","width":"","height":""}],"twitter_card":"summary_large_image","twitter_misc":{"Est. tempo de leitura":"1 minuto"},"schema":{"@context":"https:\/\/schema.org","@graph":[{"@type":"WebPage","@id":"https:\/\/shuttersmanufacturer.com\/contact\/","url":"https:\/\/shuttersmanufacturer.com\/contact\/","name":"Contact - Shutters Manufacturer","isPartOf":{"@id":"https:\/\/shuttersmanufacturer.com\/#website"},"primaryImageOfPage":{"@id":"https:\/\/shuttersmanufacturer.com\/contact\/#primaryimage"},"image":{"@id":"https:\/\/shuttersmanufacturer.com\/contact\/#primaryimage"},"thumbnailUrl":"https:\/\/shuttersmanufacturer.com\/app\/uploads\/2020\/07\/contact-bg.jpg","datePublished":"2020-08-25T12:05:47+00:00","dateModified":"2021-12-18T02:48:06+00:00","breadcrumb":{"@id":"https:\/\/shuttersmanufacturer.com\/contact\/#breadcrumb"},"inLanguage":"pt-BR","potentialAction":[{"@type":"ReadAction","target":["https:\/\/shuttersmanufacturer.com\/contact\/"]}]},{"@type":"ImageObject","inLanguage":"pt-BR","@id":"https:\/\/shuttersmanufacturer.com\/contact\/#primaryimage","url":"https:\/\/shuttersmanufacturer.com\/app\/uploads\/2020\/07\/contact-bg.jpg","contentUrl":"https:\/\/shuttersmanufacturer.com\/app\/uploads\/2020\/07\/contact-bg.jpg"},{"@type":"BreadcrumbList","@id":"https:\/\/shuttersmanufacturer.com\/contact\/#breadcrumb","itemListElement":[{"@type":"ListItem","position":1,"name":"Home","item":"https:\/\/shuttersmanufacturer.com\/"},{"@type":"ListItem","position":2,"name":"Contact"}]},{"@type":"WebSite","@id":"https:\/\/shuttersmanufacturer.com\/#website","url":"https:\/\/shuttersmanufacturer.com\/","name":"Shutters Manufacturer","description":"","publisher":{"@id":"https:\/\/shuttersmanufacturer.com\/#organization"},"potentialAction":[{"@type":"SearchAction","target":{"@type":"EntryPoint","urlTemplate":"https:\/\/shuttersmanufacturer.com\/?s={search_term_string}"},"query-input":{"@type":"PropertyValueSpecification","valueRequired":true,"valueName":"search_term_string"}}],"inLanguage":"pt-BR"},{"@type":"Organization","@id":"https:\/\/shuttersmanufacturer.com\/#organization","name":"Shutters Manufacturer","url":"https:\/\/shuttersmanufacturer.com\/","logo":{"@type":"ImageObject","inLanguage":"pt-BR","@id":"https:\/\/shuttersmanufacturer.com\/#\/schema\/logo\/image\/","url":"https:\/\/shuttersmanufacturer.com\/app\/uploads\/2022\/09\/thutters-manufacturer-logo.webp","contentUrl":"https:\/\/shuttersmanufacturer.com\/app\/uploads\/2022\/09\/thutters-manufacturer-logo.webp","width":622,"height":228,"caption":"Shutters Manufacturer"},"image":{"@id":"https:\/\/shuttersmanufacturer.com\/#\/schema\/logo\/image\/"}}]}},"uagb_featured_image_src":{"full":false,"thumbnail":false,"medium":false,"medium_large":false,"large":false,"1536x1536":false,"2048x2048":false,"trp-custom-language-flag":false},"uagb_author_info":{"display_name":"admin","author_link":"https:\/\/shuttersmanufacturer.com\/pt\/blog\/author\/admin\/"},"uagb_comment_info":0,"uagb_excerpt":"Getting in TouchIs Easy! You can explain various reasons why a visitor could contact you. Use this space to let them know that you are here to answer all their queries. If there is any other place to contact you, you can mention that too. Let us make it attractive so that people can easily&hellip;","_links":{"self":[{"href":"https:\/\/shuttersmanufacturer.com\/pt\/wp-json\/wp\/v2\/pages\/13","targetHints":{"allow":["GET"]}}],"collection":[{"href":"https:\/\/shuttersmanufacturer.com\/pt\/wp-json\/wp\/v2\/pages"}],"about":[{"href":"https:\/\/shuttersmanufacturer.com\/pt\/wp-json\/wp\/v2\/types\/page"}],"author":[{"embeddable":true,"href":"https:\/\/shuttersmanufacturer.com\/pt\/wp-json\/wp\/v2\/users\/1"}],"replies":[{"embeddable":true,"href":"https:\/\/shuttersmanufacturer.com\/pt\/wp-json\/wp\/v2\/comments?post=13"}],"version-history":[{"count":1,"href":"https:\/\/shuttersmanufacturer.com\/pt\/wp-json\/wp\/v2\/pages\/13\/revisions"}],"predecessor-version":[{"id":1769,"href":"https:\/\/shuttersmanufacturer.com\/pt\/wp-json\/wp\/v2\/pages\/13\/revisions\/1769"}],"wp:attachment":[{"href":"https:\/\/shuttersmanufacturer.com\/pt\/wp-json\/wp\/v2\/media?parent=13"}],"curies":[{"name":"wp","href":"https:\/\/api.w.org\/{rel}","templated":true}]}}